{"id":1330,"date":"2023-07-04T16:26:55","date_gmt":"2023-07-04T16:26:55","guid":{"rendered":"https:\/\/demo.bravisthemes.com\/digicove\/?page_id=1330"},"modified":"2025-08-25T19:36:47","modified_gmt":"2025-08-25T16:36:47","slug":"hakkimizda","status":"publish","type":"page","link":"https:\/\/erparsavunma.com\/?page_id=1330","title":{"rendered":"Hakk\u0131m\u0131zda"},"content":{"rendered":"\t\t<div data-elementor-type=\"wp-page\" data-elementor-id=\"1330\" class=\"elementor elementor-1330\">\n\t\t\t\t        <section class=\"elementor-section elementor-top-section elementor-element elementor-element-91b672d elementor-section-full_width elementor-section-stretched elementor-section-height-default elementor-section-height-default pxl-section-offset-none pxl-section-overflow-hidden-no\" data-id=\"91b672d\" data-element_type=\"section\" data-settings=\"{&quot;stretch_section&quot;:&quot;section-stretched&quot;}\">\n\n                \n                <div class=\"elementor-container elementor-column-gap-no \">\n                <div class=\"elementor-column elementor-col-100 elementor-top-column elementor-element elementor-element-331d8f0 col-offset-none pxl-column-element-default pxl-column-overflow-hidden-no\" data-id=\"331d8f0\" data-element_type=\"column\">\r\n        <div class=\"elementor-widget-wrap elementor-element-populated\">\r\n                     \r\n        \t\t<div class=\"elementor-element elementor-element-bb57543 elementor-widget elementor-widget-pxl_particle\" data-id=\"bb57543\" data-element_type=\"widget\" data-widget_type=\"pxl_particle.default\">\n\t\t\t\t<div class=\"elementor-widget-container\">\n\t\t\t\t\t\t<div class=\"pxl-particle pxl-particle1 img-below-content\">\r\n\t\t\t\t    <div id=\"pxl_particle-bb57543-68220\" class=\"pxl-item--particle elementor-repeater-item-998d69c top-right \" >\r\n\t\t    \t<img decoding=\"async\" src=\"https:\/\/erparsavunma.com\/wp-content\/uploads\/2023\/07\/traffic-bg1.png\" class=\"attachment-full\" alt=\"\" \/>\t\t\r\n\t\t    <\/div>\r\n\t\t\t<\/div>\r\n\t\t\t\t<\/div>\n\t\t\t\t<\/div>\n\t\t            <\/div>\r\n        <\/div>\r\n        \t\t\t<\/div>\n\t\t<\/section>\n\t\t        <section class=\"elementor-section elementor-top-section elementor-element elementor-element-959ae92 elementor-section-stretched elementor-section-boxed elementor-section-height-default elementor-section-height-default pxl-section-overflow-hidden-no\" data-id=\"959ae92\" data-element_type=\"section\" data-settings=\"{&quot;stretch_section&quot;:&quot;section-stretched&quot;,&quot;background_background&quot;:&quot;classic&quot;}\">\n\n                \n                <div class=\"elementor-container elementor-column-gap-extended \">\n                <div class=\"elementor-column elementor-col-100 elementor-top-column elementor-element elementor-element-cda4fee col-offset-none pxl-column-element-default pxl-column-overflow-hidden-no\" data-id=\"cda4fee\" data-element_type=\"column\">\r\n        <div class=\"elementor-widget-wrap elementor-element-populated\">\r\n                     \r\n        \t\t<div class=\"elementor-element elementor-element-7d37682 elementor-widget elementor-widget-pxl_text_editor\" data-id=\"7d37682\" data-element_type=\"widget\" data-widget_type=\"pxl_text_editor.default\">\n\t\t\t\t<div class=\"elementor-widget-container\">\n\t\t\t\t\t<div class=\"pxl-text-editor \">\n\t<div class=\"pxl-item--inner \" data-wow-delay=\"ms\">\n\t\t<p><a href=\"https:\/\/erparsavunma.com\"><strong>Erpar<\/strong><\/a> Hakk\u0131nda<\/p>\t<\/div>\n<\/div>\t\t\t\t<\/div>\n\t\t\t\t<\/div>\n\t\t\t\t<div class=\"elementor-element elementor-element-3bcd4b6 elementor-widget elementor-widget-text-editor\" data-id=\"3bcd4b6\" data-element_type=\"widget\" data-widget_type=\"text-editor.default\">\n\t\t\t\t\t\t\t\t\t<h2 data-start=\"112\" data-end=\"350\"><strong>Erpar Savunma Sanayi, ileri m\u00fchendislik ve g\u00fc\u00e7l\u00fc altyap\u0131s\u0131yla savunma sekt\u00f6r\u00fcne yenilik\u00e7i \u00e7\u00f6z\u00fcmler sunan bir teknoloji \u015firketidir. Misyonumuz, y\u00fcksek kalite standartlar\u0131nda \u00fcr\u00fcnler geli\u015ftirerek \u00fclkemizin g\u00fcvenli\u011fine katk\u0131da bulunmakt\u0131r.<\/strong><\/h2><h2 data-start=\"352\" data-end=\"660\"><strong>Ar-Ge odakl\u0131 yakla\u015f\u0131m\u0131m\u0131z, modern \u00fcretim tekniklerimiz ve alan\u0131nda uzman ekibimizle, hem yurt i\u00e7i hem de yurt d\u0131\u015f\u0131 m\u00fc\u015fterilerimiz i\u00e7in g\u00fcvenilir ve s\u00fcrd\u00fcr\u00fclebilir savunma \u00e7\u00f6z\u00fcmleri \u00fcretmekteyiz. Erpar Savunma Sanayi, teknolojiyi insan g\u00fcvenli\u011fi ve stratejik \u00fcst\u00fcnl\u00fckle bulu\u015fturan bir vizyonla hareket eder.<\/strong><\/h2>\t\t\t\t\t\t\t\t<\/div>\n\t\t            <\/div>\r\n        <\/div>\r\n        \t\t\t<\/div>\n\t\t<\/section>\n\t\t        <section class=\"elementor-section elementor-top-section elementor-element elementor-element-1365ef4 elementor-section-full_width elementor-section-stretched elementor-section-height-default elementor-section-height-default pxl-section-offset-none pxl-section-overflow-hidden-no\" data-id=\"1365ef4\" data-element_type=\"section\" data-settings=\"{&quot;stretch_section&quot;:&quot;section-stretched&quot;}\">\n\n                \n                <div class=\"elementor-container elementor-column-gap-no \">\n                <div class=\"elementor-column elementor-col-100 elementor-top-column elementor-element elementor-element-cba4d88 col-offset-none pxl-column-element-default pxl-column-overflow-hidden-no\" data-id=\"cba4d88\" data-element_type=\"column\">\r\n        <div class=\"elementor-widget-wrap\">\r\n                     \r\n                    <\/div>\r\n        <\/div>\r\n        \t\t\t<\/div>\n\t\t<\/section>\n\t\t\t\t<\/div>\n\t\t","protected":false},"excerpt":{"rendered":"<p>Erpar Hakk\u0131nda Erpar Savunma Sanayi, ileri m\u00fchendislik ve g\u00fc\u00e7l\u00fc altyap\u0131s\u0131yla savunma sekt\u00f6r\u00fcne yenilik\u00e7i \u00e7\u00f6z\u00fcmler sunan bir teknoloji \u015firketidir. Misyonumuz, y\u00fcksek kalite standartlar\u0131nda \u00fcr\u00fcnler geli\u015ftirerek \u00fclkemizin g\u00fcvenli\u011fine katk\u0131da bulunmakt\u0131r. Ar-Ge odakl\u0131 yakla\u015f\u0131m\u0131m\u0131z, modern \u00fcretim tekniklerimiz ve alan\u0131nda uzman ekibimizle, hem yurt i\u00e7i hem de yurt d\u0131\u015f\u0131 m\u00fc\u015fterilerimiz i\u00e7in g\u00fcvenilir ve s\u00fcrd\u00fcr\u00fclebilir savunma \u00e7\u00f6z\u00fcmleri \u00fcretmekteyiz. Erpar Savunma [&hellip;]<\/p>\n","protected":false},"author":1,"featured_media":0,"parent":0,"menu_order":0,"comment_status":"closed","ping_status":"closed","template":"","meta":{"footnotes":""},"class_list":["post-1330","page","type-page","status-publish","hentry"],"_links":{"self":[{"href":"https:\/\/erparsavunma.com\/index.php?rest_route=\/wp\/v2\/pages\/1330","targetHints":{"allow":["GET"]}}],"collection":[{"href":"https:\/\/erparsavunma.com\/index.php?rest_route=\/wp\/v2\/pages"}],"about":[{"href":"https:\/\/erparsavunma.com\/index.php?rest_route=\/wp\/v2\/types\/page"}],"author":[{"embeddable":true,"href":"https:\/\/erparsavunma.com\/index.php?rest_route=\/wp\/v2\/users\/1"}],"replies":[{"embeddable":true,"href":"https:\/\/erparsavunma.com\/index.php?rest_route=%2Fwp%2Fv2%2Fcomments&post=1330"}],"version-history":[{"count":4,"href":"https:\/\/erparsavunma.com\/index.php?rest_route=\/wp\/v2\/pages\/1330\/revisions"}],"predecessor-version":[{"id":19855,"href":"https:\/\/erparsavunma.com\/index.php?rest_route=\/wp\/v2\/pages\/1330\/revisions\/19855"}],"wp:attachment":[{"href":"https:\/\/erparsavunma.com\/index.php?rest_route=%2Fwp%2Fv2%2Fmedia&parent=1330"}],"curies":[{"name":"wp","href":"https:\/\/api.w.org\/{rel}","templated":true}]}}